{"id":156,"date":"2018-07-13T11:26:01","date_gmt":"2018-07-13T11:26:01","guid":{"rendered":"https:\/\/www.boroveclegal.cz\/nase-sluzby\/"},"modified":"2019-02-20T14:44:34","modified_gmt":"2019-02-20T14:44:34","slug":"services","status":"publish","type":"page","link":"https:\/\/borovec.startonline.cz\/en\/services\/","title":{"rendered":"Services"},"content":{"rendered":"<p>[et_pb_section bb_built=&#8221;1&#8243; next_background_color=&#8221;#ffffff&#8221; _builder_version=&#8221;3.19.15&#8243; background_color=&#8221;#f5f5f5&#8243;][et_pb_row][et_pb_column type=&#8221;4_4&#8243;][et_pb_text _builder_version=&#8221;3.19.15&#8243;]<\/p>\n<h1>Services<\/h1>\n<p>[\/et_pb_text][\/et_pb_column][\/et_pb_row][\/et_pb_section][et_pb_section bb_built=&#8221;1&#8243; prev_background_color=&#8221;#f5f5f5&#8243; next_background_color=&#8221;#000000&#8243;][et_pb_row][et_pb_column type=&#8221;4_4&#8243;][et_pb_text _builder_version=&#8221;3.19.15&#8243;]<\/p>\n<p>BOROVEC LEGAL provides comprehensive legal services specialising in labour law, corporate law, damage compensation and personal data protection (GDPR). Our law\u00a0 office focuses on those areas in which our lawyers have gained significant experience working with both Czech and international Clients, and is thus able to provide quality tailored services.<\/p>\n<p>[\/et_pb_text][\/et_pb_column][\/et_pb_row][\/et_pb_section][et_pb_section bb_built=&#8221;1&#8243; specialty=&#8221;off&#8221; prev_background_color=&#8221;#000000&#8243; next_background_color=&#8221;#000000&#8243; _builder_version=&#8221;3.19.15&#8243; custom_margin=&#8221;0px||50px|&#8221; custom_padding=&#8221;0px|||&#8221;][et_pb_row _builder_version=&#8221;3.19.15&#8243; use_custom_gutter=&#8221;on&#8221; gutter_width=&#8221;2&#8243; custom_margin=&#8221;||0px|&#8221; custom_padding=&#8221;||20px|&#8221;][et_pb_column type=&#8221;1_2&#8243;][et_pb_blurb _builder_version=&#8221;3.19.15&#8243; title=&#8221;Compensation for damages&#8221; image=&#8221;https:\/\/www.boroveclegal.cz\/wp-content\/uploads\/2018\/07\/ico-nahrada-skody-ujmy-na-zdravi.svg&#8221; url=&#8221;\/en\/services\/compensation-for-damages\/&#8221; link_option_url=&#8221;\/en\/services\/compensation-for-damages\/&#8221; border_color_all_image=&#8221;#f5f5f5&#8243; border_radii=&#8221;on|3px|3px|3px|3px&#8221; border_width_all=&#8221;1px&#8221; border_color_all=&#8221;#dfdfdf&#8221; custom_padding=&#8221;20px|20px|20px|20px&#8221; animation=&#8221;off&#8221; header_font=&#8221;|700|||||||&#8221; body_font_size=&#8221;13.8&#8243; body_line_height=&#8221;1.6em&#8221;]<\/p>\n<p>Damages (both material and non-material) occur due to accidents at work, occupational illnesses and other specific circumstances, such as road accidents. In order to protect your claims for financial compensation, legal assistance may be necessary.<\/p>\n<p>[\/et_pb_blurb][\/et_pb_column][et_pb_column type=&#8221;1_2&#8243;][et_pb_blurb _builder_version=&#8221;3.19.15&#8243; title=&#8221;Corporate Law&#8221; image=&#8221;https:\/\/www.boroveclegal.cz\/wp-content\/uploads\/2018\/07\/ico-korporatni-pravo.svg&#8221; url=&#8221;\/en\/services\/corporate-law\/&#8221; link_option_url=&#8221;\/en\/services\/corporate-law\/&#8221; border_color_all_image=&#8221;#f5f5f5&#8243; border_radii=&#8221;on|3px|3px|3px|3px&#8221; border_width_all=&#8221;1px&#8221; border_color_all=&#8221;#dfdfdf&#8221; custom_padding=&#8221;20px|20px|20px|20px&#8221; animation=&#8221;off&#8221; header_font=&#8221;|700|||||||&#8221; body_font_size=&#8221;13.8&#8243; body_line_height=&#8221;1.6em&#8221;]<\/p>\n<p>BOROVEC LEGAL provides a full range of corporate legal services including support for all stages of company formation, legal assistance with changes during a company\u2019s operation or major transformations including mergers and acquisitions. Our law firm can also ensure cooperation with tax advisory and assurance services (audits).<\/p>\n<p>[\/et_pb_blurb][\/et_pb_column][\/et_pb_row][et_pb_row _builder_version=&#8221;3.19.15&#8243; use_custom_gutter=&#8221;on&#8221; gutter_width=&#8221;2&#8243;][et_pb_column type=&#8221;1_2&#8243;][et_pb_blurb _builder_version=&#8221;3.19.15&#8243; title=&#8221;General Data Protection Regulation (GDPR)&#8221; image=&#8221;https:\/\/www.boroveclegal.cz\/wp-content\/uploads\/2018\/07\/ico-gdpr.svg&#8221; url=&#8221;\/en\/services\/general-data-protection-regulation-gdpr\/&#8221; link_option_url=&#8221;\/en\/services\/general-data-protection-regulation-gdpr\/&#8221; border_color_all_image=&#8221;#f5f5f5&#8243; border_radii=&#8221;on|3px|3px|3px|3px&#8221; border_width_all=&#8221;1px&#8221; border_color_all=&#8221;#dfdfdf&#8221; custom_padding=&#8221;20px|20px|20px|20px&#8221; animation=&#8221;off&#8221; header_font=&#8221;|700|||||||&#8221; body_font_size=&#8221;13.8&#8243; body_line_height=&#8221;1.6em&#8221; custom_css_blurb_image=&#8221;padding-top: 8px;||padding-bottom: 9px;&#8221;]<\/p>\n<p>The issue of personal data protection is particularly relevant due to the EU Data Protection Regulation also known as the \u2018GDPR\u2019. Obligations related to this regulation are binding for every company operating within the EU.<\/p>\n<p>[\/et_pb_blurb][\/et_pb_column][et_pb_column type=&#8221;1_2&#8243;][et_pb_blurb _builder_version=&#8221;3.19.15&#8243; title=&#8221;Labour Law&#8221; image=&#8221;https:\/\/www.boroveclegal.cz\/wp-content\/uploads\/2018\/07\/ico-pracovni-pravo.svg&#8221; url=&#8221;\/en\/services\/labour-law\/&#8221; link_option_url=&#8221;\/en\/services\/labour-law\/&#8221; border_color_all_image=&#8221;#f5f5f5&#8243; border_radii=&#8221;on|3px|3px|3px|3px&#8221; border_width_all=&#8221;1px&#8221; border_color_all=&#8221;#dfdfdf&#8221; custom_padding=&#8221;20px|20px|20px|20px&#8221; animation=&#8221;off&#8221; header_font=&#8221;|700|||||||&#8221; body_font_size=&#8221;13.8&#8243; body_line_height=&#8221;1.6em&#8221;]<\/p>\n<p>Labour law is our specialty. We support both long-term cooperation with Human Resources teams as well as one-time legal assistance including legal representation if needed.<\/p>\n<p>[\/et_pb_blurb][\/et_pb_column][\/et_pb_row][\/et_pb_section][et_pb_section bb_built=&#8221;1&#8243; specialty=&#8221;off&#8221; prev_background_color=&#8221;#000000&#8243; _builder_version=&#8221;3.19.15&#8243; border_width_top=&#8221;1px&#8221; border_color_top=&#8221;#dfdfdf&#8221;][et_pb_row][et_pb_column type=&#8221;1_5&#8243;][\/et_pb_column][et_pb_column type=&#8221;3_5&#8243;][et_pb_text _builder_version=&#8221;3.19.15&#8243;]<\/p>\n<h2 class=\"text-center mb-3\" style=\"text-align: center;\">I&#8217;m interested in regular updates<\/h2>\n<p class=\"text-center mb-5\" style=\"text-align: center;\">Do you want to be updated with legal news?<\/p>\n<p style=\"text-align: center;\"><div role=\"form\" class=\"wpcf7\" id=\"wpcf7-f198-o1\" lang=\"en-US\" dir=\"ltr\">\n<div class=\"screen-reader-response\"><p role=\"status\" aria-live=\"polite\" aria-atomic=\"true\"><\/p> <ul><\/ul><\/div>\n<form action=\"\/en\/wp-json\/wp\/v2\/pages\/156#wpcf7-f198-o1\" method=\"post\" class=\"wpcf7-form init\" novalidate=\"novalidate\" data-status=\"init\">\n<div style=\"display: none;\">\n<input type=\"hidden\" name=\"_wpcf7\" value=\"198\" \/>\n<input type=\"hidden\" name=\"_wpcf7_version\" value=\"5.5.6\" \/>\n<input type=\"hidden\" name=\"_wpcf7_locale\" value=\"en_US\" \/>\n<input type=\"hidden\" name=\"_wpcf7_unit_tag\" value=\"wpcf7-f198-o1\" \/>\n<input type=\"hidden\" name=\"_wpcf7_container_post\" value=\"0\" \/>\n<input type=\"hidden\" name=\"_wpcf7_posted_data_hash\" value=\"\" \/>\n<input type=\"hidden\" name=\"_wpcf7_recaptcha_response\" value=\"\" \/>\n<\/div>\n<p><span class=\"wpcf7-form-control-wrap your-email\"><input type=\"email\" name=\"your-email\" value=\"\" size=\"40\" class=\"wpcf7-form-control wpcf7-text wpcf7-email wpcf7-validates-as-required wpcf7-validates-as-email form-control\" aria-required=\"true\" aria-invalid=\"false\" placeholder=\"Your email address\" \/><\/span><br \/>\n<span class=\"wpcf7-form-control-wrap acceptance-229\"><span class=\"wpcf7-form-control wpcf7-acceptance\"><span class=\"wpcf7-list-item\"><label><input type=\"checkbox\" name=\"acceptance-229\" value=\"1\" aria-invalid=\"false\" \/><span class=\"wpcf7-list-item-label\">I agree with processing my personal information<\/span><\/label><\/span><\/span><\/span><\/p>\n<p><input type=\"submit\" value=\"Subscribe\" class=\"wpcf7-form-control has-spinner wpcf7-submit btn btn-primary\" \/><\/p>\n<div class=\"wpcf7-response-output\" aria-hidden=\"true\"><\/div><\/form><\/div><\/p>\n<p>[\/et_pb_text][\/et_pb_column][et_pb_column type=&#8221;1_5&#8243;][\/et_pb_column][\/et_pb_row][\/et_pb_section]<\/p>\n","protected":false},"excerpt":{"rendered":"<p><div class=\"et_pb_row et_pb_row_0 et_pb_row_empty\">\n\t\t\t\t\n\t\t\t\t\n\t\t\t\t\n\t\t\t<\/div> Services <div class=\"et_pb_row et_pb_row_1 et_pb_row_empty\">\n\t\t\t\t\n\t\t\t\t\n\t\t\t\t\n\t\t\t<\/div> BOROVEC LEGAL provides comprehensive legal services specialising in labour law, corporate law, damage compensation and personal data protection (GDPR). Our law\u00a0 office focuses on those areas in which our lawyers have gained significant experience working with both Czech and international Clients, and is thus able to provide quality tailored services. Damages (both [&hellip;]<\/p>\n","protected":false},"author":2,"featured_media":0,"parent":0,"menu_order":0,"comment_status":"closed","ping_status":"closed","template":"","meta":{"_et_pb_use_builder":"on","_et_pb_old_content":"<p>BOROVEC LEGAL poskytuje komplexn\u00ed pr\u00e1vn\u00ed slu\u017eby se specializac\u00ed na\u00a0oblasti pracovn\u00edho pr\u00e1va, ochrany osobn\u00edch \u00fadaj\u016f (GDPR), n\u00e1hrady \u0161kody a korpor\u00e1tn\u00edho pr\u00e1va.\u00a0Kancel\u00e1\u0159 se soust\u0159ed\u00ed na oblasti, ve kter\u00fdch advok\u00e1ti z\u00edskali zku\u0161enosti d\u00edky spolupr\u00e1ci s p\u0159edn\u00ed \u010deskou i mezin\u00e1rodn\u00ed klientelou - a ve kter\u00fdch mohou poskytnout kvalitn\u00ed slu\u017eby \u0161it\u00e9 na m\u00edru.<\/p>","_et_gb_content_width":""},"yoast_head":"<!-- This site is optimized with the Yoast SEO plugin v18.5.1 - https:\/\/yoast.com\/wordpress\/plugins\/seo\/ -->\n<title>Services - BOROVEC LEGAL<\/title>\n<meta name=\"robots\" content=\"noindex, follow, max-snippet:-1, max-image-preview:large, max-video-preview:-1\" \/>\n<meta property=\"og:locale\" content=\"en_US\" \/>\n<meta property=\"og:type\" content=\"article\" \/>\n<meta property=\"og:title\" content=\"Services - BOROVEC LEGAL\" \/>\n<meta property=\"og:description\" content=\"Services BOROVEC LEGAL provides comprehensive legal services specialising in labour law, corporate law, damage compensation and personal data protection (GDPR). Our law\u00a0 office focuses on those areas in which our lawyers have gained significant experience working with both Czech and international Clients, and is thus able to provide quality tailored services. Damages (both [&hellip;]\" \/>\n<meta property=\"og:url\" content=\"https:\/\/borovec.startonline.cz\/en\/services\/\" \/>\n<meta property=\"og:site_name\" content=\"BOROVEC LEGAL\" \/>\n<meta property=\"article:modified_time\" content=\"2019-02-20T14:44:34+00:00\" \/>\n<meta property=\"og:image\" content=\"https:\/\/borovec.startonline.cz\/wp-content\/uploads\/2018\/07\/BL-og.jpg\" \/>\n\t<meta property=\"og:image:width\" content=\"1280\" \/>\n\t<meta property=\"og:image:height\" content=\"630\" \/>\n\t<meta property=\"og:image:type\" content=\"image\/jpeg\" \/>\n<meta name=\"twitter:card\" content=\"summary_large_image\" \/>\n<meta name=\"twitter:label1\" content=\"Est. reading time\" \/>\n\t<meta name=\"twitter:data1\" content=\"4 minutes\" \/>\n<script type=\"application\/ld+json\" class=\"yoast-schema-graph\">{\"@context\":\"https:\/\/schema.org\",\"@graph\":[{\"@type\":\"Organization\",\"@id\":\"https:\/\/borovec.startonline.cz\/#organization\",\"name\":\"BOROVEC LEGAL\",\"url\":\"https:\/\/borovec.startonline.cz\/\",\"sameAs\":[\"https:\/\/www.linkedin.com\/company\/borovec-legal\/\"],\"logo\":{\"@type\":\"ImageObject\",\"@id\":\"https:\/\/borovec.startonline.cz\/#logo\",\"inLanguage\":\"en-US\",\"url\":\"https:\/\/borovec.startonline.cz\/wp-content\/uploads\/2018\/07\/borovec-legal-logo.jpg\",\"contentUrl\":\"https:\/\/borovec.startonline.cz\/wp-content\/uploads\/2018\/07\/borovec-legal-logo.jpg\",\"width\":600,\"height\":219,\"caption\":\"BOROVEC LEGAL\"},\"image\":{\"@id\":\"https:\/\/borovec.startonline.cz\/#logo\"}},{\"@type\":\"WebSite\",\"@id\":\"https:\/\/borovec.startonline.cz\/#website\",\"url\":\"https:\/\/borovec.startonline.cz\/\",\"name\":\"BOROVEC LEGAL\",\"description\":\"D\u016fv\u011bra. Spolupr\u00e1ce. Partnerstv\u00ed.\",\"publisher\":{\"@id\":\"https:\/\/borovec.startonline.cz\/#organization\"},\"potentialAction\":[{\"@type\":\"SearchAction\",\"target\":{\"@type\":\"EntryPoint\",\"urlTemplate\":\"https:\/\/borovec.startonline.cz\/?s={search_term_string}\"},\"query-input\":\"required name=search_term_string\"}],\"inLanguage\":\"en-US\"},{\"@type\":\"WebPage\",\"@id\":\"https:\/\/borovec.startonline.cz\/en\/services\/#webpage\",\"url\":\"https:\/\/borovec.startonline.cz\/en\/services\/\",\"name\":\"Services - BOROVEC LEGAL\",\"isPartOf\":{\"@id\":\"https:\/\/borovec.startonline.cz\/#website\"},\"datePublished\":\"2018-07-13T11:26:01+00:00\",\"dateModified\":\"2019-02-20T14:44:34+00:00\",\"breadcrumb\":{\"@id\":\"https:\/\/borovec.startonline.cz\/en\/services\/#breadcrumb\"},\"inLanguage\":\"en-US\",\"potentialAction\":[{\"@type\":\"ReadAction\",\"target\":[\"https:\/\/borovec.startonline.cz\/en\/services\/\"]}]},{\"@type\":\"BreadcrumbList\",\"@id\":\"https:\/\/borovec.startonline.cz\/en\/services\/#breadcrumb\",\"itemListElement\":[{\"@type\":\"ListItem\",\"position\":1,\"name\":\"\u00davod\",\"item\":\"https:\/\/borovec.startonline.cz\/en\/\"},{\"@type\":\"ListItem\",\"position\":2,\"name\":\"Services\"}]}]}<\/script>\n<!-- \/ Yoast SEO plugin. -->","yoast_head_json":{"title":"Services - BOROVEC LEGAL","robots":{"index":"noindex","follow":"follow","max-snippet":"max-snippet:-1","max-image-preview":"max-image-preview:large","max-video-preview":"max-video-preview:-1"},"og_locale":"en_US","og_type":"article","og_title":"Services - BOROVEC LEGAL","og_description":"Services BOROVEC LEGAL provides comprehensive legal services specialising in labour law, corporate law, damage compensation and personal data protection (GDPR). Our law\u00a0 office focuses on those areas in which our lawyers have gained significant experience working with both Czech and international Clients, and is thus able to provide quality tailored services. Damages (both [&hellip;]","og_url":"https:\/\/borovec.startonline.cz\/en\/services\/","og_site_name":"BOROVEC LEGAL","article_modified_time":"2019-02-20T14:44:34+00:00","og_image":[{"width":1280,"height":630,"url":"https:\/\/borovec.startonline.cz\/wp-content\/uploads\/2018\/07\/BL-og.jpg","type":"image\/jpeg"}],"twitter_card":"summary_large_image","twitter_misc":{"Est. reading time":"4 minutes"},"schema":{"@context":"https:\/\/schema.org","@graph":[{"@type":"Organization","@id":"https:\/\/borovec.startonline.cz\/#organization","name":"BOROVEC LEGAL","url":"https:\/\/borovec.startonline.cz\/","sameAs":["https:\/\/www.linkedin.com\/company\/borovec-legal\/"],"logo":{"@type":"ImageObject","@id":"https:\/\/borovec.startonline.cz\/#logo","inLanguage":"en-US","url":"https:\/\/borovec.startonline.cz\/wp-content\/uploads\/2018\/07\/borovec-legal-logo.jpg","contentUrl":"https:\/\/borovec.startonline.cz\/wp-content\/uploads\/2018\/07\/borovec-legal-logo.jpg","width":600,"height":219,"caption":"BOROVEC LEGAL"},"image":{"@id":"https:\/\/borovec.startonline.cz\/#logo"}},{"@type":"WebSite","@id":"https:\/\/borovec.startonline.cz\/#website","url":"https:\/\/borovec.startonline.cz\/","name":"BOROVEC LEGAL","description":"D\u016fv\u011bra. Spolupr\u00e1ce. Partnerstv\u00ed.","publisher":{"@id":"https:\/\/borovec.startonline.cz\/#organization"},"potentialAction":[{"@type":"SearchAction","target":{"@type":"EntryPoint","urlTemplate":"https:\/\/borovec.startonline.cz\/?s={search_term_string}"},"query-input":"required name=search_term_string"}],"inLanguage":"en-US"},{"@type":"WebPage","@id":"https:\/\/borovec.startonline.cz\/en\/services\/#webpage","url":"https:\/\/borovec.startonline.cz\/en\/services\/","name":"Services - BOROVEC LEGAL","isPartOf":{"@id":"https:\/\/borovec.startonline.cz\/#website"},"datePublished":"2018-07-13T11:26:01+00:00","dateModified":"2019-02-20T14:44:34+00:00","breadcrumb":{"@id":"https:\/\/borovec.startonline.cz\/en\/services\/#breadcrumb"},"inLanguage":"en-US","potentialAction":[{"@type":"ReadAction","target":["https:\/\/borovec.startonline.cz\/en\/services\/"]}]},{"@type":"BreadcrumbList","@id":"https:\/\/borovec.startonline.cz\/en\/services\/#breadcrumb","itemListElement":[{"@type":"ListItem","position":1,"name":"\u00davod","item":"https:\/\/borovec.startonline.cz\/en\/"},{"@type":"ListItem","position":2,"name":"Services"}]}]}},"_links":{"self":[{"href":"https:\/\/borovec.startonline.cz\/en\/wp-json\/wp\/v2\/pages\/156"}],"collection":[{"href":"https:\/\/borovec.startonline.cz\/en\/wp-json\/wp\/v2\/pages"}],"about":[{"href":"https:\/\/borovec.startonline.cz\/en\/wp-json\/wp\/v2\/types\/page"}],"author":[{"embeddable":true,"href":"https:\/\/borovec.startonline.cz\/en\/wp-json\/wp\/v2\/users\/2"}],"replies":[{"embeddable":true,"href":"https:\/\/borovec.startonline.cz\/en\/wp-json\/wp\/v2\/comments?post=156"}],"version-history":[{"count":10,"href":"https:\/\/borovec.startonline.cz\/en\/wp-json\/wp\/v2\/pages\/156\/revisions"}],"predecessor-version":[{"id":465,"href":"https:\/\/borovec.startonline.cz\/en\/wp-json\/wp\/v2\/pages\/156\/revisions\/465"}],"wp:attachment":[{"href":"https:\/\/borovec.startonline.cz\/en\/wp-json\/wp\/v2\/media?parent=156"}],"curies":[{"name":"wp","href":"https:\/\/api.w.org\/{rel}","templated":true}]}}