{"id":162,"date":"2018-07-13T14:44:06","date_gmt":"2018-07-13T14:44:06","guid":{"rendered":"https:\/\/www.boroveclegal.cz\/services\/nahrada-skody-ujmy\/"},"modified":"2019-02-20T09:23:56","modified_gmt":"2019-02-20T09:23:56","slug":"compensation-for-damages","status":"publish","type":"page","link":"https:\/\/borovec.startonline.cz\/en\/services\/compensation-for-damages\/","title":{"rendered":"Compensation for damages"},"content":{"rendered":"<p>[et_pb_section bb_built=&#8221;1&#8243; specialty=&#8221;off&#8221; next_background_color=&#8221;#ffffff&#8221; _builder_version=&#8221;3.19.15&#8243; background_color=&#8221;#f5f5f5&#8243;][et_pb_row][et_pb_column type=&#8221;4_4&#8243;][et_pb_post_title _builder_version=&#8221;3.19.15&#8243; meta=&#8221;off&#8221; featured_image=&#8221;off&#8221; title_font_size=&#8221;40px&#8221; title_font=&#8221;|300|||||||&#8221; \/][\/et_pb_column][\/et_pb_row][\/et_pb_section][et_pb_section bb_built=&#8221;1&#8243; fullwidth=&#8221;off&#8221; specialty=&#8221;off&#8221; prev_background_color=&#8221;#f5f5f5&#8243; next_background_color=&#8221;#000000&#8243;][et_pb_row _builder_version=&#8221;3.19.15&#8243;][et_pb_column type=&#8221;2_5&#8243;][et_pb_image _builder_version=&#8221;3.19.15&#8243; src=&#8221;https:\/\/www.boroveclegal.cz\/wp-content\/uploads\/2018\/07\/ico-nahrada-skody-ujmy-na-zdravi.svg&#8221; \/][et_pb_text _builder_version=&#8221;3.19.15&#8243;]<\/p>\n<p>Damages (both material and non-material) occur due to accidents at work, occupational illnesses and other specific circumstances, such as road accidents. In order to protect your claims for financial compensation, legal assistance may be necessary.<\/p>\n<p>[\/et_pb_text][et_pb_text _builder_version=&#8221;3.19.15&#8243;]<\/p>\n<h1>Would you like more information?<\/h1>\n<p>[\/et_pb_text][et_pb_button _builder_version=&#8221;3.19.15&#8243; button_text=&#8221;CONTACT US&#8221; button_url=&#8221;https:\/\/www.boroveclegal.cz\/en\/contact\/&#8221; button_alignment=&#8221;left&#8221; background_layout=&#8221;dark&#8221; custom_button=&#8221;on&#8221; button_bg_color=&#8221;#8d004c&#8221; \/][\/et_pb_column][et_pb_column type=&#8221;3_5&#8243;][et_pb_text _builder_version=&#8221;3.19.15&#8243;]<\/p>\n<h2>Situations in which we can help you:<\/h2>\n<p>\u00a0<\/p>\n<ul>\n<li>participation in the investigation of circumstances leading to material \/ non-material damages incurred<\/li>\n<li>assistance with accident record writing and with fulfilment of obligations to state authorities \/ statutory insurance companies<\/li>\n<li>management and communication of cases with the aim of reaching out-of-court settlements<\/li>\n<li>securing subject matter experts for the case<\/li>\n<li>legal representation<\/li>\n<li>individual and group trainings focused on damage compensation topics<\/li>\n<\/ul>\n<p>[\/et_pb_text][\/et_pb_column][\/et_pb_row][\/et_pb_section][et_pb_section bb_built=&#8221;1&#8243; specialty=&#8221;off&#8221; prev_background_color=&#8221;#000000&#8243; _builder_version=&#8221;3.19.15&#8243; border_width_top=&#8221;1px&#8221; border_color_top=&#8221;#e4e4e4&#8243;][et_pb_row _builder_version=&#8221;3.19.15&#8243;][et_pb_column type=&#8221;1_5&#8243;][\/et_pb_column][et_pb_column type=&#8221;3_5&#8243;][et_pb_text _builder_version=&#8221;3.19.15&#8243;]<\/p>\n<h2 class=\"text-center mb-3\" style=\"text-align: center;\">I&#8217;m interested in regular updates<\/h2>\n<p class=\"text-center mb-5\" style=\"text-align: center;\">Do you want to be updated with legal news?<\/p>\n<p style=\"text-align: center;\"><div role=\"form\" class=\"wpcf7\" id=\"wpcf7-f198-o1\" lang=\"en-US\" dir=\"ltr\">\n<div class=\"screen-reader-response\"><p role=\"status\" aria-live=\"polite\" aria-atomic=\"true\"><\/p> <ul><\/ul><\/div>\n<form action=\"\/en\/wp-json\/wp\/v2\/pages\/162#wpcf7-f198-o1\" method=\"post\" class=\"wpcf7-form init\" novalidate=\"novalidate\" data-status=\"init\">\n<div style=\"display: none;\">\n<input type=\"hidden\" name=\"_wpcf7\" value=\"198\" \/>\n<input type=\"hidden\" name=\"_wpcf7_version\" value=\"5.5.6\" \/>\n<input type=\"hidden\" name=\"_wpcf7_locale\" value=\"en_US\" \/>\n<input type=\"hidden\" name=\"_wpcf7_unit_tag\" value=\"wpcf7-f198-o1\" \/>\n<input type=\"hidden\" name=\"_wpcf7_container_post\" value=\"0\" \/>\n<input type=\"hidden\" name=\"_wpcf7_posted_data_hash\" value=\"\" \/>\n<input type=\"hidden\" name=\"_wpcf7_recaptcha_response\" value=\"\" \/>\n<\/div>\n<p><span class=\"wpcf7-form-control-wrap your-email\"><input type=\"email\" name=\"your-email\" value=\"\" size=\"40\" class=\"wpcf7-form-control wpcf7-text wpcf7-email wpcf7-validates-as-required wpcf7-validates-as-email form-control\" aria-required=\"true\" aria-invalid=\"false\" placeholder=\"Your email address\" \/><\/span><br \/>\n<span class=\"wpcf7-form-control-wrap acceptance-229\"><span class=\"wpcf7-form-control wpcf7-acceptance\"><span class=\"wpcf7-list-item\"><label><input type=\"checkbox\" name=\"acceptance-229\" value=\"1\" aria-invalid=\"false\" \/><span class=\"wpcf7-list-item-label\">I agree with processing my personal information<\/span><\/label><\/span><\/span><\/span><\/p>\n<p><input type=\"submit\" value=\"Subscribe\" class=\"wpcf7-form-control has-spinner wpcf7-submit btn btn-primary\" \/><\/p>\n<div class=\"wpcf7-response-output\" aria-hidden=\"true\"><\/div><\/form><\/div><\/p>\n<p>[\/et_pb_text][\/et_pb_column][et_pb_column type=&#8221;1_5&#8243;][\/et_pb_column][\/et_pb_row][\/et_pb_section]<\/p>\n","protected":false},"excerpt":{"rendered":"<p><div class=\"et_pb_row et_pb_row_0 et_pb_row_empty\">\n\t\t\t\t\n\t\t\t\t\n\t\t\t\t\n\t\t\t<\/div> Damages (both material and non-material) occur due to accidents at work, occupational illnesses and other specific circumstances, such as road accidents. In order to protect your claims for financial compensation, legal assistance may be necessary. Would you like more information? Situations in which we can help you:\u00a0participation in the investigation of circumstances leading to [&hellip;]<\/p>\n","protected":false},"author":2,"featured_media":0,"parent":156,"menu_order":3,"comment_status":"closed","ping_status":"closed","template":"","meta":{"_et_pb_use_builder":"on","_et_pb_old_content":"<h2>Situace, ve kter\u00fdch v\u00e1m m\u016f\u017eeme b\u00fdt n\u00e1pomocni:<\/h2><ul><li>\u00fa\u010dast p\u0159i vy\u0161et\u0159ov\u00e1n\u00ed okolnost\u00ed vzniku \u0161kody \/ nemajetkov\u00e9 \u00fajmy<\/li><li>podpora p\u0159i seps\u00e1n\u00ed z\u00e1znamu o \u00faraz\u016f a p\u0159i pln\u011bn\u00ed dal\u0161\u00edch povinnost\u00ed v\u016f\u010di st\u00e1tn\u00edm org\u00e1n\u016fm \/ z\u00e1konn\u00fdm poji\u0161\u0165ovn\u00e1m<\/li><li>veden\u00ed a komunikace s c\u00edlem vypo\u0159\u00e1dat v\u011bc mimosoudn\u00ed cestou<\/li><li>zaji\u0161t\u011bn\u00edm znalc\u016f dle okolnost\u00ed dan\u00e9ho p\u0159\u00edpadu<\/li><li>zastupov\u00e1n\u00ed p\u0159ed soudy<\/li><li>veden\u00ed \u0161kolen\u00ed pro jednotlivce \/ skupiny v\u011bnovan\u00e9m ot\u00e1zk\u00e1m spojen\u00fdm s n\u00e1hradou \u00fajmy<\/li><\/ul>","_et_gb_content_width":""},"yoast_head":"<!-- This site is optimized with the Yoast SEO plugin v18.5.1 - https:\/\/yoast.com\/wordpress\/plugins\/seo\/ -->\n<title>Compensation for damages - BOROVEC LEGAL<\/title>\n<meta name=\"robots\" content=\"noindex, follow, max-snippet:-1, max-image-preview:large, max-video-preview:-1\" \/>\n<meta property=\"og:locale\" content=\"en_US\" \/>\n<meta property=\"og:type\" content=\"article\" \/>\n<meta property=\"og:title\" content=\"Compensation for damages - BOROVEC LEGAL\" \/>\n<meta property=\"og:description\" content=\"Damages (both material and non-material) occur due to accidents at work, occupational illnesses and other specific circumstances, such as road accidents. In order to protect your claims for financial compensation, legal assistance may be necessary. Would you like more information? Situations in which we can help you:\u00a0participation in the investigation of circumstances leading to [&hellip;]\" \/>\n<meta property=\"og:url\" content=\"https:\/\/borovec.startonline.cz\/en\/services\/compensation-for-damages\/\" \/>\n<meta property=\"og:site_name\" content=\"BOROVEC LEGAL\" \/>\n<meta property=\"article:modified_time\" content=\"2019-02-20T09:23:56+00:00\" \/>\n<meta property=\"og:image\" content=\"https:\/\/borovec.startonline.cz\/wp-content\/uploads\/2018\/07\/BL-og.jpg\" \/>\n\t<meta property=\"og:image:width\" content=\"1280\" \/>\n\t<meta property=\"og:image:height\" content=\"630\" \/>\n\t<meta property=\"og:image:type\" content=\"image\/jpeg\" \/>\n<meta name=\"twitter:card\" content=\"summary_large_image\" \/>\n<meta name=\"twitter:label1\" content=\"Est. reading time\" \/>\n\t<meta name=\"twitter:data1\" content=\"2 minutes\" \/>\n<script type=\"application\/ld+json\" class=\"yoast-schema-graph\">{\"@context\":\"https:\/\/schema.org\",\"@graph\":[{\"@type\":\"Organization\",\"@id\":\"https:\/\/borovec.startonline.cz\/#organization\",\"name\":\"BOROVEC LEGAL\",\"url\":\"https:\/\/borovec.startonline.cz\/\",\"sameAs\":[\"https:\/\/www.linkedin.com\/company\/borovec-legal\/\"],\"logo\":{\"@type\":\"ImageObject\",\"@id\":\"https:\/\/borovec.startonline.cz\/#logo\",\"inLanguage\":\"en-US\",\"url\":\"https:\/\/borovec.startonline.cz\/wp-content\/uploads\/2018\/07\/borovec-legal-logo.jpg\",\"contentUrl\":\"https:\/\/borovec.startonline.cz\/wp-content\/uploads\/2018\/07\/borovec-legal-logo.jpg\",\"width\":600,\"height\":219,\"caption\":\"BOROVEC LEGAL\"},\"image\":{\"@id\":\"https:\/\/borovec.startonline.cz\/#logo\"}},{\"@type\":\"WebSite\",\"@id\":\"https:\/\/borovec.startonline.cz\/#website\",\"url\":\"https:\/\/borovec.startonline.cz\/\",\"name\":\"BOROVEC LEGAL\",\"description\":\"D\u016fv\u011bra. Spolupr\u00e1ce. Partnerstv\u00ed.\",\"publisher\":{\"@id\":\"https:\/\/borovec.startonline.cz\/#organization\"},\"potentialAction\":[{\"@type\":\"SearchAction\",\"target\":{\"@type\":\"EntryPoint\",\"urlTemplate\":\"https:\/\/borovec.startonline.cz\/?s={search_term_string}\"},\"query-input\":\"required name=search_term_string\"}],\"inLanguage\":\"en-US\"},{\"@type\":\"WebPage\",\"@id\":\"https:\/\/borovec.startonline.cz\/en\/services\/compensation-for-damages\/#webpage\",\"url\":\"https:\/\/borovec.startonline.cz\/en\/services\/compensation-for-damages\/\",\"name\":\"Compensation for damages - BOROVEC LEGAL\",\"isPartOf\":{\"@id\":\"https:\/\/borovec.startonline.cz\/#website\"},\"datePublished\":\"2018-07-13T14:44:06+00:00\",\"dateModified\":\"2019-02-20T09:23:56+00:00\",\"breadcrumb\":{\"@id\":\"https:\/\/borovec.startonline.cz\/en\/services\/compensation-for-damages\/#breadcrumb\"},\"inLanguage\":\"en-US\",\"potentialAction\":[{\"@type\":\"ReadAction\",\"target\":[\"https:\/\/borovec.startonline.cz\/en\/services\/compensation-for-damages\/\"]}]},{\"@type\":\"BreadcrumbList\",\"@id\":\"https:\/\/borovec.startonline.cz\/en\/services\/compensation-for-damages\/#breadcrumb\",\"itemListElement\":[{\"@type\":\"ListItem\",\"position\":1,\"name\":\"\u00davod\",\"item\":\"https:\/\/borovec.startonline.cz\/en\/\"},{\"@type\":\"ListItem\",\"position\":2,\"name\":\"Services\",\"item\":\"https:\/\/borovec.startonline.cz\/en\/services\/\"},{\"@type\":\"ListItem\",\"position\":3,\"name\":\"Compensation for damages\"}]}]}<\/script>\n<!-- \/ Yoast SEO plugin. -->","yoast_head_json":{"title":"Compensation for damages - BOROVEC LEGAL","robots":{"index":"noindex","follow":"follow","max-snippet":"max-snippet:-1","max-image-preview":"max-image-preview:large","max-video-preview":"max-video-preview:-1"},"og_locale":"en_US","og_type":"article","og_title":"Compensation for damages - BOROVEC LEGAL","og_description":"Damages (both material and non-material) occur due to accidents at work, occupational illnesses and other specific circumstances, such as road accidents. In order to protect your claims for financial compensation, legal assistance may be necessary. Would you like more information? Situations in which we can help you:\u00a0participation in the investigation of circumstances leading to [&hellip;]","og_url":"https:\/\/borovec.startonline.cz\/en\/services\/compensation-for-damages\/","og_site_name":"BOROVEC LEGAL","article_modified_time":"2019-02-20T09:23:56+00:00","og_image":[{"width":1280,"height":630,"url":"https:\/\/borovec.startonline.cz\/wp-content\/uploads\/2018\/07\/BL-og.jpg","type":"image\/jpeg"}],"twitter_card":"summary_large_image","twitter_misc":{"Est. reading time":"2 minutes"},"schema":{"@context":"https:\/\/schema.org","@graph":[{"@type":"Organization","@id":"https:\/\/borovec.startonline.cz\/#organization","name":"BOROVEC LEGAL","url":"https:\/\/borovec.startonline.cz\/","sameAs":["https:\/\/www.linkedin.com\/company\/borovec-legal\/"],"logo":{"@type":"ImageObject","@id":"https:\/\/borovec.startonline.cz\/#logo","inLanguage":"en-US","url":"https:\/\/borovec.startonline.cz\/wp-content\/uploads\/2018\/07\/borovec-legal-logo.jpg","contentUrl":"https:\/\/borovec.startonline.cz\/wp-content\/uploads\/2018\/07\/borovec-legal-logo.jpg","width":600,"height":219,"caption":"BOROVEC LEGAL"},"image":{"@id":"https:\/\/borovec.startonline.cz\/#logo"}},{"@type":"WebSite","@id":"https:\/\/borovec.startonline.cz\/#website","url":"https:\/\/borovec.startonline.cz\/","name":"BOROVEC LEGAL","description":"D\u016fv\u011bra. Spolupr\u00e1ce. Partnerstv\u00ed.","publisher":{"@id":"https:\/\/borovec.startonline.cz\/#organization"},"potentialAction":[{"@type":"SearchAction","target":{"@type":"EntryPoint","urlTemplate":"https:\/\/borovec.startonline.cz\/?s={search_term_string}"},"query-input":"required name=search_term_string"}],"inLanguage":"en-US"},{"@type":"WebPage","@id":"https:\/\/borovec.startonline.cz\/en\/services\/compensation-for-damages\/#webpage","url":"https:\/\/borovec.startonline.cz\/en\/services\/compensation-for-damages\/","name":"Compensation for damages - BOROVEC LEGAL","isPartOf":{"@id":"https:\/\/borovec.startonline.cz\/#website"},"datePublished":"2018-07-13T14:44:06+00:00","dateModified":"2019-02-20T09:23:56+00:00","breadcrumb":{"@id":"https:\/\/borovec.startonline.cz\/en\/services\/compensation-for-damages\/#breadcrumb"},"inLanguage":"en-US","potentialAction":[{"@type":"ReadAction","target":["https:\/\/borovec.startonline.cz\/en\/services\/compensation-for-damages\/"]}]},{"@type":"BreadcrumbList","@id":"https:\/\/borovec.startonline.cz\/en\/services\/compensation-for-damages\/#breadcrumb","itemListElement":[{"@type":"ListItem","position":1,"name":"\u00davod","item":"https:\/\/borovec.startonline.cz\/en\/"},{"@type":"ListItem","position":2,"name":"Services","item":"https:\/\/borovec.startonline.cz\/en\/services\/"},{"@type":"ListItem","position":3,"name":"Compensation for damages"}]}]}},"_links":{"self":[{"href":"https:\/\/borovec.startonline.cz\/en\/wp-json\/wp\/v2\/pages\/162"}],"collection":[{"href":"https:\/\/borovec.startonline.cz\/en\/wp-json\/wp\/v2\/pages"}],"about":[{"href":"https:\/\/borovec.startonline.cz\/en\/wp-json\/wp\/v2\/types\/page"}],"author":[{"embeddable":true,"href":"https:\/\/borovec.startonline.cz\/en\/wp-json\/wp\/v2\/users\/2"}],"replies":[{"embeddable":true,"href":"https:\/\/borovec.startonline.cz\/en\/wp-json\/wp\/v2\/comments?post=162"}],"version-history":[{"count":4,"href":"https:\/\/borovec.startonline.cz\/en\/wp-json\/wp\/v2\/pages\/162\/revisions"}],"predecessor-version":[{"id":420,"href":"https:\/\/borovec.startonline.cz\/en\/wp-json\/wp\/v2\/pages\/162\/revisions\/420"}],"up":[{"embeddable":true,"href":"https:\/\/borovec.startonline.cz\/en\/wp-json\/wp\/v2\/pages\/156"}],"wp:attachment":[{"href":"https:\/\/borovec.startonline.cz\/en\/wp-json\/wp\/v2\/media?parent=162"}],"curies":[{"name":"wp","href":"https:\/\/api.w.org\/{rel}","templated":true}]}}