{"id":164,"date":"2018-07-13T14:45:53","date_gmt":"2018-07-13T14:45:53","guid":{"rendered":"https:\/\/www.boroveclegal.cz\/services\/ochrana-osobnich-udaju-gdpr\/"},"modified":"2019-02-20T09:39:35","modified_gmt":"2019-02-20T09:39:35","slug":"general-data-protection-regulation-gdpr","status":"publish","type":"page","link":"https:\/\/borovec.startonline.cz\/en\/services\/general-data-protection-regulation-gdpr\/","title":{"rendered":"General Data Protection Regulation (GDPR)"},"content":{"rendered":"<p>[et_pb_section bb_built=&#8221;1&#8243; specialty=&#8221;off&#8221; next_background_color=&#8221;#ffffff&#8221; _builder_version=&#8221;3.19.15&#8243; background_color=&#8221;#f5f5f5&#8243;][et_pb_row][et_pb_column type=&#8221;4_4&#8243;][et_pb_post_title _builder_version=&#8221;3.19.15&#8243; meta=&#8221;off&#8221; featured_image=&#8221;off&#8221; title_font_size=&#8221;40px&#8221; title_font=&#8221;|300|||||||&#8221; \/][\/et_pb_column][\/et_pb_row][\/et_pb_section][et_pb_section bb_built=&#8221;1&#8243; prev_background_color=&#8221;#f5f5f5&#8243; next_background_color=&#8221;#000000&#8243;][et_pb_row][et_pb_column type=&#8221;2_5&#8243;][et_pb_image _builder_version=&#8221;3.19.15&#8243; src=&#8221;https:\/\/www.boroveclegal.cz\/wp-content\/uploads\/2018\/07\/ico-ochrana-osobnich-udaju-gdpr.svg&#8221; \/][et_pb_text _builder_version=&#8221;3.19.15&#8243;]<\/p>\n<p>The issue of personal data protection is particularly relevant due to the EU Data Protection Regulation also known as the \u2018GDPR\u2019. Obligations related to this regulation are binding for every company operating within the EU.<\/p>\n<p>[\/et_pb_text][et_pb_text _builder_version=&#8221;3.19.15&#8243;]<\/p>\n<h1>Would you like more information?<\/h1>\n<p>[\/et_pb_text][et_pb_button _builder_version=&#8221;3.19.15&#8243; button_text=&#8221;CONTACT US&#8221; button_url=&#8221;https:\/\/www.boroveclegal.cz\/en\/contact\/&#8221; background_layout=&#8221;dark&#8221; \/][\/et_pb_column][et_pb_column type=&#8221;3_5&#8243;][et_pb_text _builder_version=&#8221;3.19.15&#8243;]<\/p>\n<h2>BOROVEC LEGAL can offer you the following services in the area of personal data protection:<\/h2>\n<p>\u00a0<\/p>\n<ul>\n<li>audit (internal implementation support) of your existing privacy policies<\/li>\n<li>designing the documentation required by the GDPR, in particular\n<ul>\n<li>information \/ informed consent<\/li>\n<li>personal data processing contracts<\/li>\n<li>internal policies on personal data processing<\/li>\n<li>documentation for technical organisational measures adopted<\/li>\n<li>safety directives<\/li>\n<li>templates for keeping records of processed personal data<\/li>\n<\/ul>\n<\/li>\n<\/ul>\n<ul>\n<li>provisioning of Data Protection Officer services (also known as the \u201cDPO\u201d)<\/li>\n<li>data protection impact assessment support (also known as the \u201cDPIA\u201d)<\/li>\n<li>focused target-group\u00a0trainings (marketing staff, human resources, etc)<\/li>\n<\/ul>\n<p>[\/et_pb_text][\/et_pb_column][\/et_pb_row][\/et_pb_section][et_pb_section bb_built=&#8221;1&#8243; specialty=&#8221;off&#8221; prev_background_color=&#8221;#000000&#8243; _builder_version=&#8221;3.19.15&#8243; border_width_top=&#8221;1px&#8221; border_color_top=&#8221;#e4e4e4&#8243;][et_pb_row _builder_version=&#8221;3.19.15&#8243;][et_pb_column type=&#8221;1_5&#8243;][\/et_pb_column][et_pb_column type=&#8221;3_5&#8243;][et_pb_text admin_label=&#8221;Subscribe&#8221; _builder_version=&#8221;3.19.15&#8243;]<\/p>\n<h2 class=\"text-center mb-3\" style=\"text-align: center;\">I&#8217;m interested in regular updates<\/h2>\n<p class=\"text-center mb-5\" style=\"text-align: center;\">Do you want to be updated with legal news?<\/p>\n<div class=\"row justify-content-center\">\n<div class=\"col-lg-8 col-md-10\">\n<div id=\"wpcf7-f198-o1\" class=\"wpcf7\" dir=\"ltr\" lang=\"en-US\" role=\"form\"><\/div>\n<\/div>\n<\/div>\n<p style=\"text-align: center;\"><div role=\"form\" class=\"wpcf7\" id=\"wpcf7-f198-o1\" lang=\"en-US\" dir=\"ltr\">\n<div class=\"screen-reader-response\"><p role=\"status\" aria-live=\"polite\" aria-atomic=\"true\"><\/p> <ul><\/ul><\/div>\n<form action=\"\/en\/wp-json\/wp\/v2\/pages\/164#wpcf7-f198-o1\" method=\"post\" class=\"wpcf7-form init\" novalidate=\"novalidate\" data-status=\"init\">\n<div style=\"display: none;\">\n<input type=\"hidden\" name=\"_wpcf7\" value=\"198\" \/>\n<input type=\"hidden\" name=\"_wpcf7_version\" value=\"5.5.6\" \/>\n<input type=\"hidden\" name=\"_wpcf7_locale\" value=\"en_US\" \/>\n<input type=\"hidden\" name=\"_wpcf7_unit_tag\" value=\"wpcf7-f198-o1\" \/>\n<input type=\"hidden\" name=\"_wpcf7_container_post\" value=\"0\" \/>\n<input type=\"hidden\" name=\"_wpcf7_posted_data_hash\" value=\"\" \/>\n<input type=\"hidden\" name=\"_wpcf7_recaptcha_response\" value=\"\" \/>\n<\/div>\n<p><span class=\"wpcf7-form-control-wrap your-email\"><input type=\"email\" name=\"your-email\" value=\"\" size=\"40\" class=\"wpcf7-form-control wpcf7-text wpcf7-email wpcf7-validates-as-required wpcf7-validates-as-email form-control\" aria-required=\"true\" aria-invalid=\"false\" placeholder=\"Your email address\" \/><\/span><br \/>\n<span class=\"wpcf7-form-control-wrap acceptance-229\"><span class=\"wpcf7-form-control wpcf7-acceptance\"><span class=\"wpcf7-list-item\"><label><input type=\"checkbox\" name=\"acceptance-229\" value=\"1\" aria-invalid=\"false\" \/><span class=\"wpcf7-list-item-label\">I agree with processing my personal information<\/span><\/label><\/span><\/span><\/span><\/p>\n<p><input type=\"submit\" value=\"Subscribe\" class=\"wpcf7-form-control has-spinner wpcf7-submit btn btn-primary\" \/><\/p>\n<div class=\"wpcf7-response-output\" aria-hidden=\"true\"><\/div><\/form><\/div><\/p>\n<p>[\/et_pb_text][\/et_pb_column][et_pb_column type=&#8221;1_5&#8243;][\/et_pb_column][\/et_pb_row][\/et_pb_section]<\/p>\n","protected":false},"excerpt":{"rendered":"<p><div class=\"et_pb_row et_pb_row_0 et_pb_row_empty\">\n\t\t\t\t\n\t\t\t\t\n\t\t\t\t\n\t\t\t<\/div><div class=\"et_pb_row et_pb_row_1 et_pb_row_empty\">\n\t\t\t\t\n\t\t\t\t\n\t\t\t\t\n\t\t\t<\/div> The issue of personal data protection is particularly relevant due to the EU Data Protection Regulation also known as the \u2018GDPR\u2019. Obligations related to this regulation are binding for every company operating within the EU. Would you like more information? BOROVEC LEGAL can offer you the following services in the area of personal data [&hellip;]<\/p>\n","protected":false},"author":2,"featured_media":0,"parent":156,"menu_order":4,"comment_status":"closed","ping_status":"closed","template":"","meta":{"_et_pb_use_builder":"on","_et_pb_old_content":"<h2>BOROVEC LEGAL v\u00e1m v oblasti ochrany osobn\u00edch \u00fadaj\u016f m\u016f\u017ee nab\u00eddnout n\u00e1sleduj\u00edc\u00ed slu\u017eby:<span class=\"Apple-converted-space\">\u00a0<\/span><\/h2><ul><li>proveden\u00ed (podpora p\u0159i intern\u00ed realizaci) auditu Va\u0161\u00ed st\u00e1vaj\u00edc\u00ed ochrany osobn\u00edch \u00fadaj\u016f<\/li><li>navr\u017een\u00ed dokumentace spr\u00e1vce \/ zpracovatele osobn\u00edch \u00fadaj\u016f vy\u017eadovan\u00e9 \u201eGDPR\u201c,\u00a0<i>tj. zejm\u00e9na<\/i><ul><li><i>informace \/ informovan\u00e9ho souhlasu,<\/i><\/li><li><i>smluv o zpracov\u00e1n\u00ed osobn\u00edch \u00fadaj\u016f,<\/i><\/li><li><i>vnit\u0159n\u00edho p\u0159edpisu o zpracov\u00e1n\u00ed osobn\u00edch \u00fadaj\u016f,<\/i><\/li><li><i>dokumentace k p\u0159ijat\u00fdm technickoorganiza\u010dn\u00edm opat\u0159en\u00edm,<\/i><\/li><li><i>bezpe\u010dnostn\u00ed sm\u011brnice a<\/i><\/li><li><i>\u0161ablon k veden\u00ed z\u00e1znam\u016f o\u00a0zpracov\u00e1van\u00fdch osobn\u00edch \u00fadaj\u00edch<\/i><\/li><li>poskytnut\u00ed komplexn\u00edch slu\u017eeb pov\u011b\u0159ence pro ochranu osobn\u00edch \u00fadaj\u016f (zn\u00e1m\u00e9ho pod ozna\u010den\u00edm \u201cDPO\u201d)<\/li><li>podporu p\u0159i posuzov\u00e1n\u00ed vlivu zpracov\u00e1n\u00ed osobn\u00edch \u00fadaj\u016f na pr\u00e1va dot\u010den\u00fdch osob (procesu zn\u00e1m\u00e9ho pod ozna\u010den\u00edm \u201eDPIA\u201c)<\/li><li>zaji\u0161t\u011bn\u00ed \u0161kolen\u00ed v t\u00e9to oblasti (s\u00a0ohledem na c\u00edlovou skupinu - tj. zda se jedn\u00e1 nap\u0159\u00edklad o zam\u011bstnance marketingu, nebo o personalisty<\/li><\/ul><\/li><\/ul>","_et_gb_content_width":""},"yoast_head":"<!-- This site is optimized with the Yoast SEO plugin v18.5.1 - https:\/\/yoast.com\/wordpress\/plugins\/seo\/ -->\n<title>General Data Protection Regulation (GDPR) - BOROVEC LEGAL<\/title>\n<meta name=\"robots\" content=\"noindex, follow, max-snippet:-1, max-image-preview:large, max-video-preview:-1\" \/>\n<meta property=\"og:locale\" content=\"en_US\" \/>\n<meta property=\"og:type\" content=\"article\" \/>\n<meta property=\"og:title\" content=\"General Data Protection Regulation (GDPR) - BOROVEC LEGAL\" \/>\n<meta property=\"og:description\" content=\"The issue of personal data protection is particularly relevant due to the EU Data Protection Regulation also known as the \u2018GDPR\u2019. Obligations related to this regulation are binding for every company operating within the EU. Would you like more information? BOROVEC LEGAL can offer you the following services in the area of personal data [&hellip;]\" \/>\n<meta property=\"og:url\" content=\"https:\/\/borovec.startonline.cz\/en\/services\/general-data-protection-regulation-gdpr\/\" \/>\n<meta property=\"og:site_name\" content=\"BOROVEC LEGAL\" \/>\n<meta property=\"article:modified_time\" content=\"2019-02-20T09:39:35+00:00\" \/>\n<meta property=\"og:image\" content=\"https:\/\/borovec.startonline.cz\/wp-content\/uploads\/2018\/07\/BL-og.jpg\" \/>\n\t<meta property=\"og:image:width\" content=\"1280\" \/>\n\t<meta property=\"og:image:height\" content=\"630\" \/>\n\t<meta property=\"og:image:type\" content=\"image\/jpeg\" \/>\n<meta name=\"twitter:card\" content=\"summary_large_image\" \/>\n<meta name=\"twitter:label1\" content=\"Est. reading time\" \/>\n\t<meta name=\"twitter:data1\" content=\"2 minutes\" \/>\n<script type=\"application\/ld+json\" class=\"yoast-schema-graph\">{\"@context\":\"https:\/\/schema.org\",\"@graph\":[{\"@type\":\"Organization\",\"@id\":\"https:\/\/borovec.startonline.cz\/#organization\",\"name\":\"BOROVEC LEGAL\",\"url\":\"https:\/\/borovec.startonline.cz\/\",\"sameAs\":[\"https:\/\/www.linkedin.com\/company\/borovec-legal\/\"],\"logo\":{\"@type\":\"ImageObject\",\"@id\":\"https:\/\/borovec.startonline.cz\/#logo\",\"inLanguage\":\"en-US\",\"url\":\"https:\/\/borovec.startonline.cz\/wp-content\/uploads\/2018\/07\/borovec-legal-logo.jpg\",\"contentUrl\":\"https:\/\/borovec.startonline.cz\/wp-content\/uploads\/2018\/07\/borovec-legal-logo.jpg\",\"width\":600,\"height\":219,\"caption\":\"BOROVEC LEGAL\"},\"image\":{\"@id\":\"https:\/\/borovec.startonline.cz\/#logo\"}},{\"@type\":\"WebSite\",\"@id\":\"https:\/\/borovec.startonline.cz\/#website\",\"url\":\"https:\/\/borovec.startonline.cz\/\",\"name\":\"BOROVEC LEGAL\",\"description\":\"D\u016fv\u011bra. Spolupr\u00e1ce. Partnerstv\u00ed.\",\"publisher\":{\"@id\":\"https:\/\/borovec.startonline.cz\/#organization\"},\"potentialAction\":[{\"@type\":\"SearchAction\",\"target\":{\"@type\":\"EntryPoint\",\"urlTemplate\":\"https:\/\/borovec.startonline.cz\/?s={search_term_string}\"},\"query-input\":\"required name=search_term_string\"}],\"inLanguage\":\"en-US\"},{\"@type\":\"WebPage\",\"@id\":\"https:\/\/borovec.startonline.cz\/en\/services\/general-data-protection-regulation-gdpr\/#webpage\",\"url\":\"https:\/\/borovec.startonline.cz\/en\/services\/general-data-protection-regulation-gdpr\/\",\"name\":\"General Data Protection Regulation (GDPR) - BOROVEC LEGAL\",\"isPartOf\":{\"@id\":\"https:\/\/borovec.startonline.cz\/#website\"},\"datePublished\":\"2018-07-13T14:45:53+00:00\",\"dateModified\":\"2019-02-20T09:39:35+00:00\",\"breadcrumb\":{\"@id\":\"https:\/\/borovec.startonline.cz\/en\/services\/general-data-protection-regulation-gdpr\/#breadcrumb\"},\"inLanguage\":\"en-US\",\"potentialAction\":[{\"@type\":\"ReadAction\",\"target\":[\"https:\/\/borovec.startonline.cz\/en\/services\/general-data-protection-regulation-gdpr\/\"]}]},{\"@type\":\"BreadcrumbList\",\"@id\":\"https:\/\/borovec.startonline.cz\/en\/services\/general-data-protection-regulation-gdpr\/#breadcrumb\",\"itemListElement\":[{\"@type\":\"ListItem\",\"position\":1,\"name\":\"\u00davod\",\"item\":\"https:\/\/borovec.startonline.cz\/en\/\"},{\"@type\":\"ListItem\",\"position\":2,\"name\":\"Services\",\"item\":\"https:\/\/borovec.startonline.cz\/en\/services\/\"},{\"@type\":\"ListItem\",\"position\":3,\"name\":\"General Data Protection Regulation (GDPR)\"}]}]}<\/script>\n<!-- \/ Yoast SEO plugin. -->","yoast_head_json":{"title":"General Data Protection Regulation (GDPR) - BOROVEC LEGAL","robots":{"index":"noindex","follow":"follow","max-snippet":"max-snippet:-1","max-image-preview":"max-image-preview:large","max-video-preview":"max-video-preview:-1"},"og_locale":"en_US","og_type":"article","og_title":"General Data Protection Regulation (GDPR) - BOROVEC LEGAL","og_description":"The issue of personal data protection is particularly relevant due to the EU Data Protection Regulation also known as the \u2018GDPR\u2019. Obligations related to this regulation are binding for every company operating within the EU. Would you like more information? BOROVEC LEGAL can offer you the following services in the area of personal data [&hellip;]","og_url":"https:\/\/borovec.startonline.cz\/en\/services\/general-data-protection-regulation-gdpr\/","og_site_name":"BOROVEC LEGAL","article_modified_time":"2019-02-20T09:39:35+00:00","og_image":[{"width":1280,"height":630,"url":"https:\/\/borovec.startonline.cz\/wp-content\/uploads\/2018\/07\/BL-og.jpg","type":"image\/jpeg"}],"twitter_card":"summary_large_image","twitter_misc":{"Est. reading time":"2 minutes"},"schema":{"@context":"https:\/\/schema.org","@graph":[{"@type":"Organization","@id":"https:\/\/borovec.startonline.cz\/#organization","name":"BOROVEC LEGAL","url":"https:\/\/borovec.startonline.cz\/","sameAs":["https:\/\/www.linkedin.com\/company\/borovec-legal\/"],"logo":{"@type":"ImageObject","@id":"https:\/\/borovec.startonline.cz\/#logo","inLanguage":"en-US","url":"https:\/\/borovec.startonline.cz\/wp-content\/uploads\/2018\/07\/borovec-legal-logo.jpg","contentUrl":"https:\/\/borovec.startonline.cz\/wp-content\/uploads\/2018\/07\/borovec-legal-logo.jpg","width":600,"height":219,"caption":"BOROVEC LEGAL"},"image":{"@id":"https:\/\/borovec.startonline.cz\/#logo"}},{"@type":"WebSite","@id":"https:\/\/borovec.startonline.cz\/#website","url":"https:\/\/borovec.startonline.cz\/","name":"BOROVEC LEGAL","description":"D\u016fv\u011bra. Spolupr\u00e1ce. Partnerstv\u00ed.","publisher":{"@id":"https:\/\/borovec.startonline.cz\/#organization"},"potentialAction":[{"@type":"SearchAction","target":{"@type":"EntryPoint","urlTemplate":"https:\/\/borovec.startonline.cz\/?s={search_term_string}"},"query-input":"required name=search_term_string"}],"inLanguage":"en-US"},{"@type":"WebPage","@id":"https:\/\/borovec.startonline.cz\/en\/services\/general-data-protection-regulation-gdpr\/#webpage","url":"https:\/\/borovec.startonline.cz\/en\/services\/general-data-protection-regulation-gdpr\/","name":"General Data Protection Regulation (GDPR) - BOROVEC LEGAL","isPartOf":{"@id":"https:\/\/borovec.startonline.cz\/#website"},"datePublished":"2018-07-13T14:45:53+00:00","dateModified":"2019-02-20T09:39:35+00:00","breadcrumb":{"@id":"https:\/\/borovec.startonline.cz\/en\/services\/general-data-protection-regulation-gdpr\/#breadcrumb"},"inLanguage":"en-US","potentialAction":[{"@type":"ReadAction","target":["https:\/\/borovec.startonline.cz\/en\/services\/general-data-protection-regulation-gdpr\/"]}]},{"@type":"BreadcrumbList","@id":"https:\/\/borovec.startonline.cz\/en\/services\/general-data-protection-regulation-gdpr\/#breadcrumb","itemListElement":[{"@type":"ListItem","position":1,"name":"\u00davod","item":"https:\/\/borovec.startonline.cz\/en\/"},{"@type":"ListItem","position":2,"name":"Services","item":"https:\/\/borovec.startonline.cz\/en\/services\/"},{"@type":"ListItem","position":3,"name":"General Data Protection Regulation (GDPR)"}]}]}},"_links":{"self":[{"href":"https:\/\/borovec.startonline.cz\/en\/wp-json\/wp\/v2\/pages\/164"}],"collection":[{"href":"https:\/\/borovec.startonline.cz\/en\/wp-json\/wp\/v2\/pages"}],"about":[{"href":"https:\/\/borovec.startonline.cz\/en\/wp-json\/wp\/v2\/types\/page"}],"author":[{"embeddable":true,"href":"https:\/\/borovec.startonline.cz\/en\/wp-json\/wp\/v2\/users\/2"}],"replies":[{"embeddable":true,"href":"https:\/\/borovec.startonline.cz\/en\/wp-json\/wp\/v2\/comments?post=164"}],"version-history":[{"count":7,"href":"https:\/\/borovec.startonline.cz\/en\/wp-json\/wp\/v2\/pages\/164\/revisions"}],"predecessor-version":[{"id":425,"href":"https:\/\/borovec.startonline.cz\/en\/wp-json\/wp\/v2\/pages\/164\/revisions\/425"}],"up":[{"embeddable":true,"href":"https:\/\/borovec.startonline.cz\/en\/wp-json\/wp\/v2\/pages\/156"}],"wp:attachment":[{"href":"https:\/\/borovec.startonline.cz\/en\/wp-json\/wp\/v2\/media?parent=164"}],"curies":[{"name":"wp","href":"https:\/\/api.w.org\/{rel}","templated":true}]}}