{"id":169,"date":"2018-07-13T11:25:06","date_gmt":"2018-07-13T11:25:06","guid":{"rendered":"https:\/\/www.boroveclegal.cz\/o-nas\/"},"modified":"2019-02-20T08:45:20","modified_gmt":"2019-02-20T08:45:20","slug":"about-us","status":"publish","type":"page","link":"https:\/\/borovec.startonline.cz\/en\/about-us\/","title":{"rendered":"About us"},"content":{"rendered":"<p>[et_pb_section bb_built=&#8221;1&#8243; specialty=&#8221;off&#8221; next_background_color=&#8221;#ffffff&#8221; _builder_version=&#8221;3.19.15&#8243; background_color=&#8221;#f5f5f5&#8243;][et_pb_row][et_pb_column type=&#8221;4_4&#8243;][et_pb_post_title admin_label=&#8221;Title&#8221; _builder_version=&#8221;3.19.15&#8243; meta=&#8221;off&#8221; featured_image=&#8221;off&#8221; title_font_size=&#8221;40px&#8221; title_font=&#8221;|300|||||||&#8221; \/][\/et_pb_column][\/et_pb_row][\/et_pb_section][et_pb_section bb_built=&#8221;1&#8243; prev_background_color=&#8221;#f5f5f5&#8243; next_background_color=&#8221;#000000&#8243;][et_pb_row][et_pb_column type=&#8221;4_4&#8243;][et_pb_text _builder_version=&#8221;3.19.15&#8243;]<\/p>\n<p>BOROVEC LEGAL, founded by JUDr. David Borovec, is a Czech law firm with a partnership-oriented approach,and a clear communication style. Our results reflect our enthusiasm for practicing law.<\/p>\n<p>We are available at all times for our Clients, a philosophy which leads to long-term cooperation and genuine partnerships.<\/p>\n<p>We give our best every day and in every area. We offer not only standard\u00a0 legal advisory services and legal representation, but also organize corporate and individual trainings related to legislation and legislative changes. We offer comprehensive legal coverage taking into account every Client\u2019s individual needs.<\/p>\n<p>David Borovec and team<\/p>\n<p>\u00a0<\/p>\n<p>[\/et_pb_text][\/et_pb_column][\/et_pb_row][\/et_pb_section][et_pb_section bb_built=&#8221;1&#8243; specialty=&#8221;off&#8221; prev_background_color=&#8221;#000000&#8243; _builder_version=&#8221;3.19.15&#8243; border_width_top=&#8221;1px&#8221; border_color_top=&#8221;#e4e4e4&#8243;][et_pb_row _builder_version=&#8221;3.19.15&#8243;][et_pb_column type=&#8221;1_5&#8243;][\/et_pb_column][et_pb_column type=&#8221;3_5&#8243;][et_pb_text _builder_version=&#8221;3.19.15&#8243;]<\/p>\n<h2 class=\"text-center mb-3\" style=\"text-align: center;\">I&#8217;m interested in regular updates<\/h2>\n<p class=\"text-center mb-5\" style=\"text-align: center;\">Do you want to be updated with legal news?<\/p>\n<p style=\"text-align: center;\"><div role=\"form\" class=\"wpcf7\" id=\"wpcf7-f198-o1\" lang=\"en-US\" dir=\"ltr\">\n<div class=\"screen-reader-response\"><p role=\"status\" aria-live=\"polite\" aria-atomic=\"true\"><\/p> <ul><\/ul><\/div>\n<form action=\"\/en\/wp-json\/wp\/v2\/pages\/169#wpcf7-f198-o1\" method=\"post\" class=\"wpcf7-form init\" novalidate=\"novalidate\" data-status=\"init\">\n<div style=\"display: none;\">\n<input type=\"hidden\" name=\"_wpcf7\" value=\"198\" \/>\n<input type=\"hidden\" name=\"_wpcf7_version\" value=\"5.5.6\" \/>\n<input type=\"hidden\" name=\"_wpcf7_locale\" value=\"en_US\" \/>\n<input type=\"hidden\" name=\"_wpcf7_unit_tag\" value=\"wpcf7-f198-o1\" \/>\n<input type=\"hidden\" name=\"_wpcf7_container_post\" value=\"0\" \/>\n<input type=\"hidden\" name=\"_wpcf7_posted_data_hash\" value=\"\" \/>\n<input type=\"hidden\" name=\"_wpcf7_recaptcha_response\" value=\"\" \/>\n<\/div>\n<p><span class=\"wpcf7-form-control-wrap your-email\"><input type=\"email\" name=\"your-email\" value=\"\" size=\"40\" class=\"wpcf7-form-control wpcf7-text wpcf7-email wpcf7-validates-as-required wpcf7-validates-as-email form-control\" aria-required=\"true\" aria-invalid=\"false\" placeholder=\"Your email address\" \/><\/span><br \/>\n<span class=\"wpcf7-form-control-wrap acceptance-229\"><span class=\"wpcf7-form-control wpcf7-acceptance\"><span class=\"wpcf7-list-item\"><label><input type=\"checkbox\" name=\"acceptance-229\" value=\"1\" aria-invalid=\"false\" \/><span class=\"wpcf7-list-item-label\">I agree with processing my personal information<\/span><\/label><\/span><\/span><\/span><\/p>\n<p><input type=\"submit\" value=\"Subscribe\" class=\"wpcf7-form-control has-spinner wpcf7-submit btn btn-primary\" \/><\/p>\n<div class=\"wpcf7-response-output\" aria-hidden=\"true\"><\/div><\/form><\/div><\/p>\n<p>[\/et_pb_text][\/et_pb_column][et_pb_column type=&#8221;1_5&#8243;][\/et_pb_column][\/et_pb_row][\/et_pb_section]<\/p>\n","protected":false},"excerpt":{"rendered":"<p><div class=\"et_pb_row et_pb_row_0 et_pb_row_empty\">\n\t\t\t\t\n\t\t\t\t\n\t\t\t\t\n\t\t\t<\/div><div class=\"et_pb_row et_pb_row_1 et_pb_row_empty\">\n\t\t\t\t\n\t\t\t\t\n\t\t\t\t\n\t\t\t<\/div> BOROVEC LEGAL, founded by JUDr. David Borovec, is a Czech law firm with a partnership-oriented approach,and a clear communication style. Our results reflect our enthusiasm for practicing law.We are available at all times for our Clients, a philosophy which leads to long-term cooperation and genuine partnerships.We give our best every day and in every [&hellip;]<\/p>\n","protected":false},"author":2,"featured_media":0,"parent":0,"menu_order":0,"comment_status":"closed","ping_status":"closed","template":"","meta":{"_et_pb_use_builder":"on","_et_pb_old_content":"<p>BOROVEC LEGAL, zalo\u017een\u00e1 JUDr. Davidem Borovcem, je \u010desk\u00e1 advok\u00e1tn\u00ed kancel\u00e1\u0159 s jasn\u00fdm a srozumiteln\u00fdm komunika\u010dn\u00edm stylem, partnersky orientovan\u00fdm p\u0159\u00edstupem a v\u00fdsledky, kter\u00e9 odr\u00e1\u017eej\u00ed na\u0161e nad\u0161en\u00ed pro pr\u00e1vo.<\/p><p>Na\u0161im klient\u016fm jsme zvykl\u00ed b\u00fdt st\u00e1le k dispozici a v\u011b\u0159\u00edme, \u017ee pr\u00e1v\u011b tato filozofie vede ke dlouhodob\u00e9 spolupr\u00e1ci a opravdov\u00fdm partnerstv\u00edm.<\/p><p>Pracujeme s maxim\u00e1ln\u00edm nasazen\u00edm v\u00a0ka\u017ed\u00e9 oblasti. Nab\u00edz\u00edme b\u011b\u017en\u00e9 poradenstv\u00ed, zastoupen\u00ed p\u0159i \u0159e\u0161en\u00ed pr\u00e1vn\u00edch spor\u016f, ale organizujeme tak\u00e9 korpor\u00e1tn\u00ed i individu\u00e1ln\u00ed \u0161kolen\u00ed pot\u0159ebn\u00fdch t\u00e9mat. Dok\u00e1\u017eeme zajistit maxim\u00e1ln\u00ed pr\u00e1vn\u00ed kryt\u00ed s ohledem na individu\u00e1ln\u00ed pot\u0159eby ka\u017ed\u00e9ho klienta.<\/p><p>\u200bDavid Borovec & t\u00fdm<\/p>","_et_gb_content_width":""},"yoast_head":"<!-- This site is optimized with the Yoast SEO plugin v18.5.1 - https:\/\/yoast.com\/wordpress\/plugins\/seo\/ -->\n<title>About us - BOROVEC LEGAL<\/title>\n<meta name=\"robots\" content=\"noindex, follow, max-snippet:-1, max-image-preview:large, max-video-preview:-1\" \/>\n<meta property=\"og:locale\" content=\"en_US\" \/>\n<meta property=\"og:type\" content=\"article\" \/>\n<meta property=\"og:title\" content=\"About us - BOROVEC LEGAL\" \/>\n<meta property=\"og:description\" content=\"BOROVEC LEGAL, founded by JUDr. David Borovec, is a Czech law firm with a partnership-oriented approach,and a clear communication style. Our results reflect our enthusiasm for practicing law.We are available at all times for our Clients, a philosophy which leads to long-term cooperation and genuine partnerships.We give our best every day and in every [&hellip;]\" \/>\n<meta property=\"og:url\" content=\"https:\/\/borovec.startonline.cz\/en\/about-us\/\" \/>\n<meta property=\"og:site_name\" content=\"BOROVEC LEGAL\" \/>\n<meta property=\"article:modified_time\" content=\"2019-02-20T08:45:20+00:00\" \/>\n<meta property=\"og:image\" content=\"https:\/\/borovec.startonline.cz\/wp-content\/uploads\/2018\/07\/BL-og.jpg\" \/>\n\t<meta property=\"og:image:width\" content=\"1280\" \/>\n\t<meta property=\"og:image:height\" content=\"630\" \/>\n\t<meta property=\"og:image:type\" content=\"image\/jpeg\" \/>\n<meta name=\"twitter:card\" content=\"summary_large_image\" \/>\n<meta name=\"twitter:label1\" content=\"Est. reading time\" \/>\n\t<meta name=\"twitter:data1\" content=\"1 minute\" \/>\n<script type=\"application\/ld+json\" class=\"yoast-schema-graph\">{\"@context\":\"https:\/\/schema.org\",\"@graph\":[{\"@type\":\"Organization\",\"@id\":\"https:\/\/borovec.startonline.cz\/#organization\",\"name\":\"BOROVEC LEGAL\",\"url\":\"https:\/\/borovec.startonline.cz\/\",\"sameAs\":[\"https:\/\/www.linkedin.com\/company\/borovec-legal\/\"],\"logo\":{\"@type\":\"ImageObject\",\"@id\":\"https:\/\/borovec.startonline.cz\/#logo\",\"inLanguage\":\"en-US\",\"url\":\"https:\/\/borovec.startonline.cz\/wp-content\/uploads\/2018\/07\/borovec-legal-logo.jpg\",\"contentUrl\":\"https:\/\/borovec.startonline.cz\/wp-content\/uploads\/2018\/07\/borovec-legal-logo.jpg\",\"width\":600,\"height\":219,\"caption\":\"BOROVEC LEGAL\"},\"image\":{\"@id\":\"https:\/\/borovec.startonline.cz\/#logo\"}},{\"@type\":\"WebSite\",\"@id\":\"https:\/\/borovec.startonline.cz\/#website\",\"url\":\"https:\/\/borovec.startonline.cz\/\",\"name\":\"BOROVEC LEGAL\",\"description\":\"D\u016fv\u011bra. Spolupr\u00e1ce. Partnerstv\u00ed.\",\"publisher\":{\"@id\":\"https:\/\/borovec.startonline.cz\/#organization\"},\"potentialAction\":[{\"@type\":\"SearchAction\",\"target\":{\"@type\":\"EntryPoint\",\"urlTemplate\":\"https:\/\/borovec.startonline.cz\/?s={search_term_string}\"},\"query-input\":\"required name=search_term_string\"}],\"inLanguage\":\"en-US\"},{\"@type\":\"WebPage\",\"@id\":\"https:\/\/borovec.startonline.cz\/en\/about-us\/#webpage\",\"url\":\"https:\/\/borovec.startonline.cz\/en\/about-us\/\",\"name\":\"About us - BOROVEC LEGAL\",\"isPartOf\":{\"@id\":\"https:\/\/borovec.startonline.cz\/#website\"},\"datePublished\":\"2018-07-13T11:25:06+00:00\",\"dateModified\":\"2019-02-20T08:45:20+00:00\",\"breadcrumb\":{\"@id\":\"https:\/\/borovec.startonline.cz\/en\/about-us\/#breadcrumb\"},\"inLanguage\":\"en-US\",\"potentialAction\":[{\"@type\":\"ReadAction\",\"target\":[\"https:\/\/borovec.startonline.cz\/en\/about-us\/\"]}]},{\"@type\":\"BreadcrumbList\",\"@id\":\"https:\/\/borovec.startonline.cz\/en\/about-us\/#breadcrumb\",\"itemListElement\":[{\"@type\":\"ListItem\",\"position\":1,\"name\":\"\u00davod\",\"item\":\"https:\/\/borovec.startonline.cz\/en\/\"},{\"@type\":\"ListItem\",\"position\":2,\"name\":\"About us\"}]}]}<\/script>\n<!-- \/ Yoast SEO plugin. -->","yoast_head_json":{"title":"About us - BOROVEC LEGAL","robots":{"index":"noindex","follow":"follow","max-snippet":"max-snippet:-1","max-image-preview":"max-image-preview:large","max-video-preview":"max-video-preview:-1"},"og_locale":"en_US","og_type":"article","og_title":"About us - BOROVEC LEGAL","og_description":"BOROVEC LEGAL, founded by JUDr. David Borovec, is a Czech law firm with a partnership-oriented approach,and a clear communication style. Our results reflect our enthusiasm for practicing law.We are available at all times for our Clients, a philosophy which leads to long-term cooperation and genuine partnerships.We give our best every day and in every [&hellip;]","og_url":"https:\/\/borovec.startonline.cz\/en\/about-us\/","og_site_name":"BOROVEC LEGAL","article_modified_time":"2019-02-20T08:45:20+00:00","og_image":[{"width":1280,"height":630,"url":"https:\/\/borovec.startonline.cz\/wp-content\/uploads\/2018\/07\/BL-og.jpg","type":"image\/jpeg"}],"twitter_card":"summary_large_image","twitter_misc":{"Est. reading time":"1 minute"},"schema":{"@context":"https:\/\/schema.org","@graph":[{"@type":"Organization","@id":"https:\/\/borovec.startonline.cz\/#organization","name":"BOROVEC LEGAL","url":"https:\/\/borovec.startonline.cz\/","sameAs":["https:\/\/www.linkedin.com\/company\/borovec-legal\/"],"logo":{"@type":"ImageObject","@id":"https:\/\/borovec.startonline.cz\/#logo","inLanguage":"en-US","url":"https:\/\/borovec.startonline.cz\/wp-content\/uploads\/2018\/07\/borovec-legal-logo.jpg","contentUrl":"https:\/\/borovec.startonline.cz\/wp-content\/uploads\/2018\/07\/borovec-legal-logo.jpg","width":600,"height":219,"caption":"BOROVEC LEGAL"},"image":{"@id":"https:\/\/borovec.startonline.cz\/#logo"}},{"@type":"WebSite","@id":"https:\/\/borovec.startonline.cz\/#website","url":"https:\/\/borovec.startonline.cz\/","name":"BOROVEC LEGAL","description":"D\u016fv\u011bra. Spolupr\u00e1ce. Partnerstv\u00ed.","publisher":{"@id":"https:\/\/borovec.startonline.cz\/#organization"},"potentialAction":[{"@type":"SearchAction","target":{"@type":"EntryPoint","urlTemplate":"https:\/\/borovec.startonline.cz\/?s={search_term_string}"},"query-input":"required name=search_term_string"}],"inLanguage":"en-US"},{"@type":"WebPage","@id":"https:\/\/borovec.startonline.cz\/en\/about-us\/#webpage","url":"https:\/\/borovec.startonline.cz\/en\/about-us\/","name":"About us - BOROVEC LEGAL","isPartOf":{"@id":"https:\/\/borovec.startonline.cz\/#website"},"datePublished":"2018-07-13T11:25:06+00:00","dateModified":"2019-02-20T08:45:20+00:00","breadcrumb":{"@id":"https:\/\/borovec.startonline.cz\/en\/about-us\/#breadcrumb"},"inLanguage":"en-US","potentialAction":[{"@type":"ReadAction","target":["https:\/\/borovec.startonline.cz\/en\/about-us\/"]}]},{"@type":"BreadcrumbList","@id":"https:\/\/borovec.startonline.cz\/en\/about-us\/#breadcrumb","itemListElement":[{"@type":"ListItem","position":1,"name":"\u00davod","item":"https:\/\/borovec.startonline.cz\/en\/"},{"@type":"ListItem","position":2,"name":"About us"}]}]}},"_links":{"self":[{"href":"https:\/\/borovec.startonline.cz\/en\/wp-json\/wp\/v2\/pages\/169"}],"collection":[{"href":"https:\/\/borovec.startonline.cz\/en\/wp-json\/wp\/v2\/pages"}],"about":[{"href":"https:\/\/borovec.startonline.cz\/en\/wp-json\/wp\/v2\/types\/page"}],"author":[{"embeddable":true,"href":"https:\/\/borovec.startonline.cz\/en\/wp-json\/wp\/v2\/users\/2"}],"replies":[{"embeddable":true,"href":"https:\/\/borovec.startonline.cz\/en\/wp-json\/wp\/v2\/comments?post=169"}],"version-history":[{"count":6,"href":"https:\/\/borovec.startonline.cz\/en\/wp-json\/wp\/v2\/pages\/169\/revisions"}],"predecessor-version":[{"id":400,"href":"https:\/\/borovec.startonline.cz\/en\/wp-json\/wp\/v2\/pages\/169\/revisions\/400"}],"wp:attachment":[{"href":"https:\/\/borovec.startonline.cz\/en\/wp-json\/wp\/v2\/media?parent=169"}],"curies":[{"name":"wp","href":"https:\/\/api.w.org\/{rel}","templated":true}]}}