{"id":175,"date":"2018-07-13T11:25:46","date_gmt":"2018-07-13T11:25:46","guid":{"rendered":"https:\/\/www.boroveclegal.cz\/novinky-a-akce\/"},"modified":"2020-04-06T13:29:18","modified_gmt":"2020-04-06T13:29:18","slug":"news","status":"publish","type":"page","link":"https:\/\/borovec.startonline.cz\/en\/news\/","title":{"rendered":"News"},"content":{"rendered":"<p>[et_pb_section fb_built=&#8221;1&#8243; _builder_version=&#8221;3.22&#8243; background_color=&#8221;#f5f5f5&#8243;][et_pb_row _builder_version=&#8221;3.25&#8243; background_size=&#8221;initial&#8221; background_position=&#8221;top_left&#8221; background_repeat=&#8221;repeat&#8221;][et_pb_column type=&#8221;4_4&#8243; _builder_version=&#8221;3.25&#8243; custom_padding=&#8221;|||&#8221; custom_padding__hover=&#8221;|||&#8221;][et_pb_post_title meta=&#8221;off&#8221; featured_image=&#8221;off&#8221; _builder_version=&#8221;3.19.15&#8243; title_font=&#8221;|300|||||||&#8221; title_font_size=&#8221;40px&#8221;][\/et_pb_post_title][\/et_pb_column][\/et_pb_row][\/et_pb_section][et_pb_section fb_built=&#8221;1&#8243; _builder_version=&#8221;3.22&#8243;][et_pb_row _builder_version=&#8221;3.25&#8243; background_size=&#8221;initial&#8221; background_position=&#8221;top_left&#8221; background_repeat=&#8221;repeat&#8221;][et_pb_column type=&#8221;4_4&#8243; _builder_version=&#8221;3.25&#8243; custom_padding=&#8221;|||&#8221; custom_padding__hover=&#8221;|||&#8221;][et_pb_blog fullwidth=&#8221;off&#8221; show_more=&#8221;on&#8221; show_author=&#8221;off&#8221; show_categories=&#8221;off&#8221; show_pagination=&#8221;off&#8221; _builder_version=&#8221;4.4.2&#8243; hover_enabled=&#8221;0&#8243;][\/et_pb_blog][\/et_pb_column][\/et_pb_row][\/et_pb_section][et_pb_section fb_built=&#8221;1&#8243; _builder_version=&#8221;3.22&#8243; border_width_top=&#8221;1px&#8221; border_color_top=&#8221;#e4e4e4&#8243;][et_pb_row column_structure=&#8221;1_5,3_5,1_5&#8243; _builder_version=&#8221;3.25&#8243;][et_pb_column type=&#8221;1_5&#8243; _builder_version=&#8221;3.25&#8243; custom_padding=&#8221;|||&#8221; custom_padding__hover=&#8221;|||&#8221;][\/et_pb_column][et_pb_column type=&#8221;3_5&#8243; _builder_version=&#8221;3.25&#8243; custom_padding=&#8221;|||&#8221; custom_padding__hover=&#8221;|||&#8221;][et_pb_text _builder_version=&#8221;3.27.4&#8243;]<\/p>\n<h2 class=\"text-center mb-3\" style=\"text-align: center;\">I\u2019m interested in regular updates<\/h2>\n<p class=\"text-center mb-5\" style=\"text-align: center;\">Do you want to be updated with legal news?<\/p>\n<p style=\"text-align: center;\"><div role=\"form\" class=\"wpcf7\" id=\"wpcf7-f198-o1\" lang=\"en-US\" dir=\"ltr\">\n<div class=\"screen-reader-response\"><p role=\"status\" aria-live=\"polite\" aria-atomic=\"true\"><\/p> <ul><\/ul><\/div>\n<form action=\"\/en\/wp-json\/wp\/v2\/pages\/175#wpcf7-f198-o1\" method=\"post\" class=\"wpcf7-form init\" novalidate=\"novalidate\" data-status=\"init\">\n<div style=\"display: none;\">\n<input type=\"hidden\" name=\"_wpcf7\" value=\"198\" \/>\n<input type=\"hidden\" name=\"_wpcf7_version\" value=\"5.5.6\" \/>\n<input type=\"hidden\" name=\"_wpcf7_locale\" value=\"en_US\" \/>\n<input type=\"hidden\" name=\"_wpcf7_unit_tag\" value=\"wpcf7-f198-o1\" \/>\n<input type=\"hidden\" name=\"_wpcf7_container_post\" value=\"0\" \/>\n<input type=\"hidden\" name=\"_wpcf7_posted_data_hash\" value=\"\" \/>\n<input type=\"hidden\" name=\"_wpcf7_recaptcha_response\" value=\"\" \/>\n<\/div>\n<p><span class=\"wpcf7-form-control-wrap your-email\"><input type=\"email\" name=\"your-email\" value=\"\" size=\"40\" class=\"wpcf7-form-control wpcf7-text wpcf7-email wpcf7-validates-as-required wpcf7-validates-as-email form-control\" aria-required=\"true\" aria-invalid=\"false\" placeholder=\"Your email address\" \/><\/span><br \/>\n<span class=\"wpcf7-form-control-wrap acceptance-229\"><span class=\"wpcf7-form-control wpcf7-acceptance\"><span class=\"wpcf7-list-item\"><label><input type=\"checkbox\" name=\"acceptance-229\" value=\"1\" aria-invalid=\"false\" \/><span class=\"wpcf7-list-item-label\">I agree with processing my personal information<\/span><\/label><\/span><\/span><\/span><\/p>\n<p><input type=\"submit\" value=\"Subscribe\" class=\"wpcf7-form-control has-spinner wpcf7-submit btn btn-primary\" \/><\/p>\n<div class=\"wpcf7-response-output\" aria-hidden=\"true\"><\/div><\/form><\/div><\/p>\n<p>[\/et_pb_text][\/et_pb_column][et_pb_column type=&#8221;1_5&#8243; _builder_version=&#8221;3.25&#8243; custom_padding=&#8221;|||&#8221; custom_padding__hover=&#8221;|||&#8221;][\/et_pb_column][\/et_pb_row][\/et_pb_section]<\/p>\n","protected":false},"excerpt":{"rendered":"<p>I\u2019m interested in regular updatesDo you want to be updated with legal news?<div role=\"form\" class=\"wpcf7\" id=\"wpcf7-f198-o2\" lang=\"en-US\" dir=\"ltr\">\n<div class=\"screen-reader-response\"><p role=\"status\" aria-live=\"polite\" aria-atomic=\"true\"><\/p> <ul><\/ul><\/div>\n<form action=\"\/en\/wp-json\/wp\/v2\/pages\/175#wpcf7-f198-o2\" method=\"post\" class=\"wpcf7-form init\" novalidate=\"novalidate\" data-status=\"init\">\n<div style=\"display: none;\">\n<input type=\"hidden\" name=\"_wpcf7\" value=\"198\" \/>\n<input type=\"hidden\" name=\"_wpcf7_version\" value=\"5.5.6\" \/>\n<input type=\"hidden\" name=\"_wpcf7_locale\" value=\"en_US\" \/>\n<input type=\"hidden\" name=\"_wpcf7_unit_tag\" value=\"wpcf7-f198-o2\" \/>\n<input type=\"hidden\" name=\"_wpcf7_container_post\" value=\"0\" \/>\n<input type=\"hidden\" name=\"_wpcf7_posted_data_hash\" value=\"\" \/>\n<input type=\"hidden\" name=\"_wpcf7_recaptcha_response\" value=\"\" \/>\n<\/div>\n<p><span class=\"wpcf7-form-control-wrap your-email\"><input type=\"email\" name=\"your-email\" value=\"\" size=\"40\" class=\"wpcf7-form-control wpcf7-text wpcf7-email wpcf7-validates-as-required wpcf7-validates-as-email form-control\" aria-required=\"true\" aria-invalid=\"false\" placeholder=\"Your email address\" \/><\/span><br \/>\n<span class=\"wpcf7-form-control-wrap acceptance-229\"><span class=\"wpcf7-form-control wpcf7-acceptance\"><span class=\"wpcf7-list-item\"><label><input type=\"checkbox\" name=\"acceptance-229\" value=\"1\" aria-invalid=\"false\" \/><span class=\"wpcf7-list-item-label\">I agree with processing my personal information<\/span><\/label><\/span><\/span><\/span><\/p>\n<p><input type=\"submit\" value=\"Subscribe\" class=\"wpcf7-form-control has-spinner wpcf7-submit btn btn-primary\" \/><\/p>\n<div class=\"wpcf7-response-output\" aria-hidden=\"true\"><\/div><\/form><\/div><\/p>\n","protected":false},"author":2,"featured_media":0,"parent":0,"menu_order":0,"comment_status":"closed","ping_status":"closed","template":"","meta":{"_et_pb_use_builder":"on","_et_pb_old_content":"","_et_gb_content_width":""},"yoast_head":"<!-- This site is optimized with the Yoast SEO plugin v18.5.1 - https:\/\/yoast.com\/wordpress\/plugins\/seo\/ -->\n<title>News - BOROVEC LEGAL<\/title>\n<meta name=\"robots\" content=\"noindex, follow, max-snippet:-1, max-image-preview:large, max-video-preview:-1\" \/>\n<meta property=\"og:locale\" content=\"en_US\" \/>\n<meta property=\"og:type\" content=\"article\" \/>\n<meta property=\"og:title\" content=\"News - BOROVEC LEGAL\" \/>\n<meta property=\"og:description\" content=\"I\u2019m interested in regular updatesDo you want to be updated with legal news?\" \/>\n<meta property=\"og:url\" content=\"https:\/\/borovec.startonline.cz\/en\/news\/\" \/>\n<meta property=\"og:site_name\" content=\"BOROVEC LEGAL\" \/>\n<meta property=\"article:modified_time\" content=\"2020-04-06T13:29:18+00:00\" \/>\n<meta property=\"og:image\" content=\"https:\/\/borovec.startonline.cz\/wp-content\/uploads\/2018\/07\/BL-og.jpg\" \/>\n\t<meta property=\"og:image:width\" content=\"1280\" \/>\n\t<meta property=\"og:image:height\" content=\"630\" \/>\n\t<meta property=\"og:image:type\" content=\"image\/jpeg\" \/>\n<meta name=\"twitter:card\" content=\"summary_large_image\" \/>\n<meta name=\"twitter:label1\" content=\"Est. reading time\" \/>\n\t<meta name=\"twitter:data1\" content=\"1 minute\" \/>\n<script type=\"application\/ld+json\" class=\"yoast-schema-graph\">{\"@context\":\"https:\/\/schema.org\",\"@graph\":[{\"@type\":\"Organization\",\"@id\":\"https:\/\/borovec.startonline.cz\/#organization\",\"name\":\"BOROVEC LEGAL\",\"url\":\"https:\/\/borovec.startonline.cz\/\",\"sameAs\":[\"https:\/\/www.linkedin.com\/company\/borovec-legal\/\"],\"logo\":{\"@type\":\"ImageObject\",\"@id\":\"https:\/\/borovec.startonline.cz\/#logo\",\"inLanguage\":\"en-US\",\"url\":\"https:\/\/borovec.startonline.cz\/wp-content\/uploads\/2018\/07\/borovec-legal-logo.jpg\",\"contentUrl\":\"https:\/\/borovec.startonline.cz\/wp-content\/uploads\/2018\/07\/borovec-legal-logo.jpg\",\"width\":600,\"height\":219,\"caption\":\"BOROVEC LEGAL\"},\"image\":{\"@id\":\"https:\/\/borovec.startonline.cz\/#logo\"}},{\"@type\":\"WebSite\",\"@id\":\"https:\/\/borovec.startonline.cz\/#website\",\"url\":\"https:\/\/borovec.startonline.cz\/\",\"name\":\"BOROVEC LEGAL\",\"description\":\"D\u016fv\u011bra. Spolupr\u00e1ce. Partnerstv\u00ed.\",\"publisher\":{\"@id\":\"https:\/\/borovec.startonline.cz\/#organization\"},\"potentialAction\":[{\"@type\":\"SearchAction\",\"target\":{\"@type\":\"EntryPoint\",\"urlTemplate\":\"https:\/\/borovec.startonline.cz\/?s={search_term_string}\"},\"query-input\":\"required name=search_term_string\"}],\"inLanguage\":\"en-US\"},{\"@type\":\"WebPage\",\"@id\":\"https:\/\/borovec.startonline.cz\/en\/news\/#webpage\",\"url\":\"https:\/\/borovec.startonline.cz\/en\/news\/\",\"name\":\"News - BOROVEC LEGAL\",\"isPartOf\":{\"@id\":\"https:\/\/borovec.startonline.cz\/#website\"},\"datePublished\":\"2018-07-13T11:25:46+00:00\",\"dateModified\":\"2020-04-06T13:29:18+00:00\",\"breadcrumb\":{\"@id\":\"https:\/\/borovec.startonline.cz\/en\/news\/#breadcrumb\"},\"inLanguage\":\"en-US\",\"potentialAction\":[{\"@type\":\"ReadAction\",\"target\":[\"https:\/\/borovec.startonline.cz\/en\/news\/\"]}]},{\"@type\":\"BreadcrumbList\",\"@id\":\"https:\/\/borovec.startonline.cz\/en\/news\/#breadcrumb\",\"itemListElement\":[{\"@type\":\"ListItem\",\"position\":1,\"name\":\"\u00davod\",\"item\":\"https:\/\/borovec.startonline.cz\/en\/\"},{\"@type\":\"ListItem\",\"position\":2,\"name\":\"News\"}]}]}<\/script>\n<!-- \/ Yoast SEO plugin. -->","yoast_head_json":{"title":"News - BOROVEC LEGAL","robots":{"index":"noindex","follow":"follow","max-snippet":"max-snippet:-1","max-image-preview":"max-image-preview:large","max-video-preview":"max-video-preview:-1"},"og_locale":"en_US","og_type":"article","og_title":"News - BOROVEC LEGAL","og_description":"I\u2019m interested in regular updatesDo you want to be updated with legal news?","og_url":"https:\/\/borovec.startonline.cz\/en\/news\/","og_site_name":"BOROVEC LEGAL","article_modified_time":"2020-04-06T13:29:18+00:00","og_image":[{"width":1280,"height":630,"url":"https:\/\/borovec.startonline.cz\/wp-content\/uploads\/2018\/07\/BL-og.jpg","type":"image\/jpeg"}],"twitter_card":"summary_large_image","twitter_misc":{"Est. reading time":"1 minute"},"schema":{"@context":"https:\/\/schema.org","@graph":[{"@type":"Organization","@id":"https:\/\/borovec.startonline.cz\/#organization","name":"BOROVEC LEGAL","url":"https:\/\/borovec.startonline.cz\/","sameAs":["https:\/\/www.linkedin.com\/company\/borovec-legal\/"],"logo":{"@type":"ImageObject","@id":"https:\/\/borovec.startonline.cz\/#logo","inLanguage":"en-US","url":"https:\/\/borovec.startonline.cz\/wp-content\/uploads\/2018\/07\/borovec-legal-logo.jpg","contentUrl":"https:\/\/borovec.startonline.cz\/wp-content\/uploads\/2018\/07\/borovec-legal-logo.jpg","width":600,"height":219,"caption":"BOROVEC LEGAL"},"image":{"@id":"https:\/\/borovec.startonline.cz\/#logo"}},{"@type":"WebSite","@id":"https:\/\/borovec.startonline.cz\/#website","url":"https:\/\/borovec.startonline.cz\/","name":"BOROVEC LEGAL","description":"D\u016fv\u011bra. Spolupr\u00e1ce. Partnerstv\u00ed.","publisher":{"@id":"https:\/\/borovec.startonline.cz\/#organization"},"potentialAction":[{"@type":"SearchAction","target":{"@type":"EntryPoint","urlTemplate":"https:\/\/borovec.startonline.cz\/?s={search_term_string}"},"query-input":"required name=search_term_string"}],"inLanguage":"en-US"},{"@type":"WebPage","@id":"https:\/\/borovec.startonline.cz\/en\/news\/#webpage","url":"https:\/\/borovec.startonline.cz\/en\/news\/","name":"News - BOROVEC LEGAL","isPartOf":{"@id":"https:\/\/borovec.startonline.cz\/#website"},"datePublished":"2018-07-13T11:25:46+00:00","dateModified":"2020-04-06T13:29:18+00:00","breadcrumb":{"@id":"https:\/\/borovec.startonline.cz\/en\/news\/#breadcrumb"},"inLanguage":"en-US","potentialAction":[{"@type":"ReadAction","target":["https:\/\/borovec.startonline.cz\/en\/news\/"]}]},{"@type":"BreadcrumbList","@id":"https:\/\/borovec.startonline.cz\/en\/news\/#breadcrumb","itemListElement":[{"@type":"ListItem","position":1,"name":"\u00davod","item":"https:\/\/borovec.startonline.cz\/en\/"},{"@type":"ListItem","position":2,"name":"News"}]}]}},"_links":{"self":[{"href":"https:\/\/borovec.startonline.cz\/en\/wp-json\/wp\/v2\/pages\/175"}],"collection":[{"href":"https:\/\/borovec.startonline.cz\/en\/wp-json\/wp\/v2\/pages"}],"about":[{"href":"https:\/\/borovec.startonline.cz\/en\/wp-json\/wp\/v2\/types\/page"}],"author":[{"embeddable":true,"href":"https:\/\/borovec.startonline.cz\/en\/wp-json\/wp\/v2\/users\/2"}],"replies":[{"embeddable":true,"href":"https:\/\/borovec.startonline.cz\/en\/wp-json\/wp\/v2\/comments?post=175"}],"version-history":[{"count":9,"href":"https:\/\/borovec.startonline.cz\/en\/wp-json\/wp\/v2\/pages\/175\/revisions"}],"predecessor-version":[{"id":2058,"href":"https:\/\/borovec.startonline.cz\/en\/wp-json\/wp\/v2\/pages\/175\/revisions\/2058"}],"wp:attachment":[{"href":"https:\/\/borovec.startonline.cz\/en\/wp-json\/wp\/v2\/media?parent=175"}],"curies":[{"name":"wp","href":"https:\/\/api.w.org\/{rel}","templated":true}]}}